{"id":177,"date":"2017-04-18T12:10:41","date_gmt":"2017-04-18T15:10:41","guid":{"rendered":"http:\/\/allteckservice.com.br\/?page_id=177"},"modified":"2017-04-18T12:10:41","modified_gmt":"2017-04-18T15:10:41","slug":"servicos","status":"publish","type":"page","link":"https:\/\/alltecklatam.com.br\/index.php\/clientes\/servicos\/","title":{"rendered":"Servi\u00e7os"},"content":{"rendered":"<p><img decoding=\"async\" src=\"https:\/\/i1.wp.com\/allteckservicedotcomdotbr.files.wordpress.com\/2017\/04\/servic3a7os.png\" \/><\/p>\n<h2 class=\"entry-title\">Allteck pelo mundo<\/h2>\n<div style=\"color:#011022;font-size:18px;\">\n<p>Com servi\u00e7os j\u00e1 prestados de nossos t\u00e9cnicos em 16 pa\u00edses, a empresa \u00e9 reconhecida por fazer a gest\u00e3o de opera\u00e7\u00f5es cr\u00edticas com agilidade, seguran\u00e7a, flexibilidade e com t\u00e9cnicos e engenheiros altamente capacitados e qualificados.<\/p>\n<p>Experi\u00eancias de trabalho em Portugal, Espanha, Inglaterra, Su\u00e9cia, Ar\u00e1bia Saudita, Panam\u00e1, Guatemala, Rep\u00fablica Dominicana, Argentina, Paraguay, Uruguay, Col\u00f4mbia, Equador, Venezuela, Peru e Brasil.<\/p>\n<\/div>\n<p><img decoding=\"async\" src=\"https:\/\/i2.wp.com\/allteckservicedotcomdotbr.files.wordpress.com\/2017\/04\/mapa7.png\" \/><\/p>\n","protected":false},"excerpt":{"rendered":"<p>Allteck pelo mundo Com servi\u00e7os j\u00e1 prestados de nossos t\u00e9cnicos em 16 pa\u00edses, a empresa \u00e9 reconhecida por fazer a gest\u00e3o de opera\u00e7\u00f5es cr\u00edticas com agilidade, seguran\u00e7a, flexibilidade e com t\u00e9cnicos e engenheiros altamente capacitados e qualificados. Experi\u00eancias de trabalho em Portugal, Espanha, Inglaterra, Su\u00e9cia, Ar\u00e1bia Saudita, Panam\u00e1, Guatemala, Rep\u00fablica Dominicana, Argentina, Paraguay, Uruguay, Col\u00f4mbia, [&hellip;]<\/p>\n","protected":false},"author":2,"featured_media":312,"parent":35,"menu_order":0,"comment_status":"closed","ping_status":"closed","template":"templates\/testimonial-page.php","meta":{"footnotes":""},"class_list":["post-177","page","type-page","status-publish","has-post-thumbnail","hentry"],"_links":{"self":[{"href":"https:\/\/alltecklatam.com.br\/index.php\/wp-json\/wp\/v2\/pages\/177","targetHints":{"allow":["GET"]}}],"collection":[{"href":"https:\/\/alltecklatam.com.br\/index.php\/wp-json\/wp\/v2\/pages"}],"about":[{"href":"https:\/\/alltecklatam.com.br\/index.php\/wp-json\/wp\/v2\/types\/page"}],"author":[{"embeddable":true,"href":"https:\/\/alltecklatam.com.br\/index.php\/wp-json\/wp\/v2\/users\/2"}],"replies":[{"embeddable":true,"href":"https:\/\/alltecklatam.com.br\/index.php\/wp-json\/wp\/v2\/comments?post=177"}],"version-history":[{"count":0,"href":"https:\/\/alltecklatam.com.br\/index.php\/wp-json\/wp\/v2\/pages\/177\/revisions"}],"up":[{"embeddable":true,"href":"https:\/\/alltecklatam.com.br\/index.php\/wp-json\/wp\/v2\/pages\/35"}],"wp:featuredmedia":[{"embeddable":true,"href":"https:\/\/alltecklatam.com.br\/index.php\/wp-json\/"}],"wp:attachment":[{"href":"https:\/\/alltecklatam.com.br\/index.php\/wp-json\/wp\/v2\/media?parent=177"}],"curies":[{"name":"wp","href":"https:\/\/api.w.org\/{rel}","templated":true}]}}