{"id":303,"date":"2017-05-10T16:33:56","date_gmt":"2017-05-10T19:33:56","guid":{"rendered":"http:\/\/allteckservice.com.br\/?page_id=303"},"modified":"2017-05-10T16:33:56","modified_gmt":"2017-05-10T19:33:56","slug":"empresa","status":"publish","type":"page","link":"https:\/\/alltecklatam.com.br\/index.php\/empresa\/","title":{"rendered":"A Allteck"},"content":{"rendered":"<p><strong>\u00a0Allteck Service<\/strong><br \/>\n\u00c9 fruto da bem sucedida uni\u00e3o de profissionais t\u00e9cnicos e engenheiros com grande know-how em ind\u00fastrias de bebidas e alimentos, que unindo muito trabalho, dedica\u00e7\u00e3o e qualidade, decidiram p\u00f4r em pr\u00e1tica toda a paix\u00e3o pela tecnologia fabril, desenvolvimento de projetos de engenharia e presta\u00e7\u00e3o de servi\u00e7os.<br \/>\nCom foco na estrat\u00e9gia de neg\u00f3cio dos nossos clientes, nos apoiamos em bases como: qualidade, transpar\u00eancia e confiabilidade. A empresa apresenta propostas diferenciadas e completas, afim de, levar aos nossos clientes um trabalho de excel\u00eancia, visando a redu\u00e7\u00e3o de perdas por quebras, falhas e paradas n\u00e3o planejadas.<\/p>\n<p><strong>A nossa Miss\u00e3o<\/strong><br \/>\nEntender e superar as necessidades de nossos clientes, gerando resultados de excel\u00eancia, qualidade e otimizando seu ativo.<\/p>\n<p>&nbsp;<\/p>\n<p><strong>A nossa Vis\u00e3o<br \/>\n<\/strong>Estamos em uma busca incessante por nos tornarmos refer\u00eancia em presta\u00e7\u00e3o de servi\u00e7os t\u00e9cnicos no Brasil, Am\u00e9rica Latina.<\/p>\n<p><strong>Os nossos Valores<br \/>\n<\/strong>Qualidade, Confiabilidade, Transpar\u00eancia e Excel\u00eancia<\/p>\n<p><strong>O nosso Neg\u00f3cio<br \/>\n<\/strong>Instala\u00e7\u00e3o, comissionamento, start-up, manuten\u00e7\u00e3o planejada e de urg\u00eancia, em ind\u00fastrias de bebidas e alimentos.<\/p>\n<p><strong>Gest\u00e3o de Pessoas<br \/>\n<\/strong>Atuar na capacita\u00e7\u00e3o t\u00e9cnica\/operacional, desenvolvendo e qualificando nossos colaboradores atrav\u00e9s de treinamentos, cursos e especializa\u00e7\u00f5es.<\/p>\n","protected":false},"excerpt":{"rendered":"<p>\u00a0Allteck Service \u00c9 fruto da bem sucedida uni\u00e3o de profissionais t\u00e9cnicos e engenheiros com grande know-how em ind\u00fastrias de bebidas e alimentos, que unindo muito trabalho, dedica\u00e7\u00e3o e qualidade, decidiram p\u00f4r em pr\u00e1tica toda a paix\u00e3o pela tecnologia fabril, desenvolvimento de projetos de engenharia e presta\u00e7\u00e3o de servi\u00e7os. Com foco na estrat\u00e9gia de neg\u00f3cio dos [&hellip;]<\/p>\n","protected":false},"author":2,"featured_media":183,"parent":0,"menu_order":0,"comment_status":"closed","ping_status":"closed","template":"","meta":{"footnotes":""},"class_list":["post-303","page","type-page","status-publish","has-post-thumbnail","hentry"],"_links":{"self":[{"href":"https:\/\/alltecklatam.com.br\/index.php\/wp-json\/wp\/v2\/pages\/303","targetHints":{"allow":["GET"]}}],"collection":[{"href":"https:\/\/alltecklatam.com.br\/index.php\/wp-json\/wp\/v2\/pages"}],"about":[{"href":"https:\/\/alltecklatam.com.br\/index.php\/wp-json\/wp\/v2\/types\/page"}],"author":[{"embeddable":true,"href":"https:\/\/alltecklatam.com.br\/index.php\/wp-json\/wp\/v2\/users\/2"}],"replies":[{"embeddable":true,"href":"https:\/\/alltecklatam.com.br\/index.php\/wp-json\/wp\/v2\/comments?post=303"}],"version-history":[{"count":0,"href":"https:\/\/alltecklatam.com.br\/index.php\/wp-json\/wp\/v2\/pages\/303\/revisions"}],"wp:featuredmedia":[{"embeddable":true,"href":"https:\/\/alltecklatam.com.br\/index.php\/wp-json\/"}],"wp:attachment":[{"href":"https:\/\/alltecklatam.com.br\/index.php\/wp-json\/wp\/v2\/media?parent=303"}],"curies":[{"name":"wp","href":"https:\/\/api.w.org\/{rel}","templated":true}]}}