{"id":35,"date":"2017-03-23T16:36:52","date_gmt":"2017-03-23T19:36:52","guid":{"rendered":"https:\/\/allteckservicedotcomdotbr.wordpress.com\/?page_id=35"},"modified":"2017-03-23T16:36:52","modified_gmt":"2017-03-23T19:36:52","slug":"clientes","status":"publish","type":"page","link":"https:\/\/alltecklatam.com.br\/index.php\/clientes\/","title":{"rendered":"Nosso Prop\u00f3sito"},"content":{"rendered":"<div style=\"float:left;width:50%;min-height:200px;height:auto;padding:15px;color:#ff3600;\">\n<img decoding=\"async\" src=\"https:\/\/i0.wp.com\/allteckservicedotcomdotbr.files.wordpress.com\/2017\/03\/11.png\" \/><br \/>\nAtuar junto ao cliente de forma a reduzir perdas de mat\u00e9ria-prima e embalagens<\/p>\n<\/div>\n<div style=\"float:left;width:50%;min-height:200px;height:auto;padding:15px;color:#ff3600;\">\n<img decoding=\"async\" src=\"https:\/\/i0.wp.com\/allteckservicedotcomdotbr.files.wordpress.com\/2017\/03\/22.png\" \/><br \/>\nReduzir n\u00famero e tempo de paradas n\u00e3o planejadas<\/p>\n<\/div>\n<div style=\"float:left;width:50%;min-height:200px;height:auto;padding:15px;color:#ff3600;\">\n<img decoding=\"async\" src=\"https:\/\/i0.wp.com\/allteckservicedotcomdotbr.files.wordpress.com\/2017\/03\/33.png\" \/><br \/>\nAumentar tempo entre falhas<\/p>\n<\/div>\n<div style=\"float:left;width:50%;min-height:200px;height:auto;padding:15px;color:#ff3600;\">\n<img decoding=\"async\" src=\"https:\/\/i0.wp.com\/allteckservicedotcomdotbr.files.wordpress.com\/2017\/03\/44.png\" \/><br \/>\nOtimizar processos visando melhoria de performance<\/p>\n<\/div>\n<div style=\"float:left;width:50%;min-height:200px;height:auto;padding:15px;color:#ff3600;\">\n<img decoding=\"async\" src=\"https:\/\/i0.wp.com\/allteckservicedotcomdotbr.files.wordpress.com\/2017\/03\/55.png\" \/><br \/>\nElevar capacita\u00e7\u00e3o t\u00e9cnica e operacional de pessoas envolvidas nos processos de manuten\u00e7\u00e3o e opera\u00e7\u00e3o dos equipamentos<\/p>\n<\/div>\n<div style=\"float:left;width:50%;min-height:200px;height:auto;padding:15px;color:#ff3600;\">\n<img decoding=\"async\" src=\"https:\/\/i0.wp.com\/allteckservicedotcomdotbr.files.wordpress.com\/2017\/03\/66.png\" \/><br \/>\nInstalar e comissionar equipamentos, propondo solu\u00e7\u00f5es t\u00e9cnicas de excel\u00eancia, visando a otimiza\u00e7\u00e3o dos processos e linhas de produ\u00e7\u00e3o<\/p>\n<\/div>\n","protected":false},"excerpt":{"rendered":"<p>Atuar junto ao cliente de forma a reduzir perdas de mat\u00e9ria-prima e embalagens Reduzir n\u00famero e tempo de paradas n\u00e3o planejadas Aumentar tempo entre falhas Otimizar processos visando melhoria de performance Elevar capacita\u00e7\u00e3o t\u00e9cnica e operacional de pessoas envolvidas nos processos de manuten\u00e7\u00e3o e opera\u00e7\u00e3o dos equipamentos Instalar e comissionar equipamentos, propondo solu\u00e7\u00f5es t\u00e9cnicas de [&hellip;]<\/p>\n","protected":false},"author":2,"featured_media":0,"parent":0,"menu_order":0,"comment_status":"closed","ping_status":"closed","template":"templates\/portfolio-page.php","meta":{"footnotes":""},"class_list":["post-35","page","type-page","status-publish","hentry"],"_links":{"self":[{"href":"https:\/\/alltecklatam.com.br\/index.php\/wp-json\/wp\/v2\/pages\/35","targetHints":{"allow":["GET"]}}],"collection":[{"href":"https:\/\/alltecklatam.com.br\/index.php\/wp-json\/wp\/v2\/pages"}],"about":[{"href":"https:\/\/alltecklatam.com.br\/index.php\/wp-json\/wp\/v2\/types\/page"}],"author":[{"embeddable":true,"href":"https:\/\/alltecklatam.com.br\/index.php\/wp-json\/wp\/v2\/users\/2"}],"replies":[{"embeddable":true,"href":"https:\/\/alltecklatam.com.br\/index.php\/wp-json\/wp\/v2\/comments?post=35"}],"version-history":[{"count":0,"href":"https:\/\/alltecklatam.com.br\/index.php\/wp-json\/wp\/v2\/pages\/35\/revisions"}],"wp:attachment":[{"href":"https:\/\/alltecklatam.com.br\/index.php\/wp-json\/wp\/v2\/media?parent=35"}],"curies":[{"name":"wp","href":"https:\/\/api.w.org\/{rel}","templated":true}]}}