{"id":874,"date":"2017-03-17T19:13:31","date_gmt":"2017-03-17T22:13:31","guid":{"rendered":"https:\/\/allteckservicedotcomdotbr.wordpress.com\/?page_id=2"},"modified":"2017-03-17T19:13:31","modified_gmt":"2017-03-17T22:13:31","slug":"sobre","status":"publish","type":"page","link":"https:\/\/alltecklatam.com.br\/index.php\/sobre\/","title":{"rendered":"Sobre"},"content":{"rendered":"<div style=\"font-size:20px;\">\n<p>Fornecemos solu\u00e7\u00f5es completas em automa\u00e7\u00e3o em processos industriais, manuten\u00e7\u00e3o, assist\u00eancia t\u00e9cnica, instala\u00e7\u00f5es e montagens, servi\u00e7os mec\u00e2nicos e comissionamento de m\u00e1quinas <strong>Tetra Pak<\/p>\n<p>A3Speed \u00a0\u00a0\u00a0.\u00a0\u00a0\u00a0 A3Flex \u00a0\u00a0\u00a0.\u00a0\u00a0\u00a0 CompactFlex \u00a0\u00a0\u00a0.\u00a0\u00a0\u00a0 TBA\/08 \u00a0\u00a0\u00a0.\u00a0\u00a0\u00a0 TBA\/19 \u00a0\u00a0\u00a0.\u00a0\u00a0\u00a0 TBA\/21 \u00a0\u00a0\u00a0.\u00a0\u00a0\u00a0 TBA\/22 \u00a0\u00a0\u00a0.\u00a0\u00a0\u00a0 SPEED \u00a0\u00a0\u00a0.\u00a0\u00a0\u00a0 Equipamentos de Processo Esterilizadores \u00a0\u00a0\u00a0.\u00a0\u00a0\u00a0 Equipamentos de encaixotamento DE\u00b4S<strong><\/p>\n<\/div>\n","protected":false},"excerpt":{"rendered":"<p>Esse \u00e9 apenas um pequeno resumo para a p\u00e1gina&nbsp;Sobre.<\/p>\n","protected":false},"author":2,"featured_media":0,"parent":0,"menu_order":2,"comment_status":"open","ping_status":"closed","template":"templates\/portfolio-page.php","meta":{"footnotes":""},"class_list":["post-874","page","type-page","status-publish","hentry"],"_links":{"self":[{"href":"https:\/\/alltecklatam.com.br\/index.php\/wp-json\/wp\/v2\/pages\/874","targetHints":{"allow":["GET"]}}],"collection":[{"href":"https:\/\/alltecklatam.com.br\/index.php\/wp-json\/wp\/v2\/pages"}],"about":[{"href":"https:\/\/alltecklatam.com.br\/index.php\/wp-json\/wp\/v2\/types\/page"}],"author":[{"embeddable":true,"href":"https:\/\/alltecklatam.com.br\/index.php\/wp-json\/wp\/v2\/users\/2"}],"replies":[{"embeddable":true,"href":"https:\/\/alltecklatam.com.br\/index.php\/wp-json\/wp\/v2\/comments?post=874"}],"version-history":[{"count":0,"href":"https:\/\/alltecklatam.com.br\/index.php\/wp-json\/wp\/v2\/pages\/874\/revisions"}],"wp:attachment":[{"href":"https:\/\/alltecklatam.com.br\/index.php\/wp-json\/wp\/v2\/media?parent=874"}],"curies":[{"name":"wp","href":"https:\/\/api.w.org\/{rel}","templated":true}]}}